{"id":3361,"date":"2025-08-19T11:55:13","date_gmt":"2025-08-19T09:55:13","guid":{"rendered":"https:\/\/rwproduction.dk\/?page_id=3361"},"modified":"2026-03-11T12:38:27","modified_gmt":"2026-03-11T11:38:27","slug":"inspiration","status":"publish","type":"page","link":"https:\/\/rwproduction.dk\/en\/inspiration\/","title":{"rendered":"Inspiration"},"content":{"rendered":"<div data-elementor-type=\"wp-page\" data-elementor-id=\"3361\" class=\"elementor elementor-3361\" data-elementor-post-type=\"page\">\n\t\t\t\t<div class=\"elementor-element elementor-element-3341b293 e-flex e-con-boxed e-con e-parent\" data-id=\"3341b293\" data-element_type=\"container\" data-settings=\"{&quot;background_background&quot;:&quot;classic&quot;}\">\n\t\t\t\t\t<div class=\"e-con-inner\">\n\t\t\t\t<div class=\"elementor-element elementor-element-43067a6c elementor-widget elementor-widget-heading\" data-id=\"43067a6c\" data-element_type=\"widget\" data-widget_type=\"heading.default\">\n\t\t\t\t<div class=\"elementor-widget-container\">\n\t\t\t\t\t<h1 class=\"elementor-heading-title elementor-size-default\">Inspiration\/Location<\/h1>\t\t\t\t<\/div>\n\t\t\t\t<\/div>\n\t\t\t\t\t<\/div>\n\t\t\t\t<\/div>\n\t\t<div class=\"elementor-element elementor-element-caac054 e-flex e-con-boxed e-con e-parent\" data-id=\"caac054\" data-element_type=\"container\">\n\t\t\t\t\t<div class=\"e-con-inner\">\n\t\t<div class=\"elementor-element elementor-element-e48f0ea e-con-full e-flex e-con e-child\" data-id=\"e48f0ea\" data-element_type=\"container\">\n\t\t\t\t<div class=\"elementor-element elementor-element-25202e7 elementor-widget elementor-widget-spacer\" data-id=\"25202e7\" data-element_type=\"widget\" data-widget_type=\"spacer.default\">\n\t\t\t\t<div class=\"elementor-widget-container\">\n\t\t\t\t\t\t\t<div class=\"elementor-spacer\">\n\t\t\t<div class=\"elementor-spacer-inner\"><\/div>\n\t\t<\/div>\n\t\t\t\t\t\t<\/div>\n\t\t\t\t<\/div>\n\t\t\t\t<div class=\"elementor-element elementor-element-5004b77 elementor-widget elementor-widget-image\" data-id=\"5004b77\" data-element_type=\"widget\" data-widget_type=\"image.default\">\n\t\t\t\t<div class=\"elementor-widget-container\">\n\t\t\t\t\t\t\t\t\t\t\t\t\t\t\t<img fetchpriority=\"high\" decoding=\"async\" width=\"552\" height=\"705\" src=\"https:\/\/rwproduction.dk\/wp-content\/uploads\/2025\/06\/Firmafest.jpg\" class=\"attachment-large size-large wp-image-3112\" alt=\"Firmafest\" srcset=\"https:\/\/rwproduction.dk\/wp-content\/uploads\/2025\/06\/Firmafest.jpg 552w, https:\/\/rwproduction.dk\/wp-content\/uploads\/2025\/06\/Firmafest-235x300.jpg 235w, https:\/\/rwproduction.dk\/wp-content\/uploads\/2025\/06\/Firmafest-9x12.jpg 9w\" sizes=\"(max-width: 552px) 100vw, 552px\" \/>\t\t\t\t\t\t\t\t\t\t\t\t\t\t\t<\/div>\n\t\t\t\t<\/div>\n\t\t\t\t<\/div>\n\t\t<div class=\"elementor-element elementor-element-d92d429 e-con-full e-flex e-con e-child\" data-id=\"d92d429\" data-element_type=\"container\">\n\t\t\t\t<div class=\"elementor-element elementor-element-9878f2a elementor-widget elementor-widget-spacer\" data-id=\"9878f2a\" data-element_type=\"widget\" data-widget_type=\"spacer.default\">\n\t\t\t\t<div class=\"elementor-widget-container\">\n\t\t\t\t\t\t\t<div class=\"elementor-spacer\">\n\t\t\t<div class=\"elementor-spacer-inner\"><\/div>\n\t\t<\/div>\n\t\t\t\t\t\t<\/div>\n\t\t\t\t<\/div>\n\t\t\t\t<div class=\"elementor-element elementor-element-49d59d4 elementor-widget elementor-widget-text-editor\" data-id=\"49d59d4\" data-element_type=\"widget\" data-widget_type=\"text-editor.default\">\n\t\t\t\t<div class=\"elementor-widget-container\">\n\t\t\t\t\t\t\t\t\t<h2><strong>Energy, presence &amp; experiences<\/strong><\/h2><p>At RW Event &amp; Entertainment, inspiration is about creating unforgettable moments.<\/p><p>We believe that the strongest memories are created when people come together for unique experiences \u2013 whether it&#039;s for a company party, a trip or an exclusive event with some of the greatest artists in Denmark and abroad.<\/p><p>We draw our inspiration from music, travel and community.<br \/>When the biggest names take the stage, and when colleagues share experiences far removed from everyday life, we create magical moments that will be remembered for many years.<\/p><p>For us, inspiration is more than a word \u2013 it is the foundation of everything we create.<br \/>Our goal is to provide you with experiences that motivate, strengthen unity and set new standards for what an event can look like.<\/p><p>With RW Event &amp; Entertainment you don&#039;t just get an event - you get a journey filled with energy, presence and experiences.<\/p><h2><strong>RW Event &amp; Entertainment \u2013 Denmark&#039;s leader in corporate experiences, concerts &amp; events<\/strong>\u00a0<\/h2><p>Since 2000, RW has specialized in booking concert activities and total production of events, thereby gaining experience and a position as one of Denmark&#039;s leading booking and event agencies.<\/p><p><strong>What we offer:<\/strong><\/p><ul><li><strong>Concert and tour planning<\/strong>, where we represent and book a wide selection of both Danish and international artists, soloists, comedians and entertainers, all of whom deliver professional entertainment.<\/li><li><strong>Company parties and events<\/strong>, tailored to your unique needs \u2013 whether it&#039;s an intimate company party or a larger travel experience.<\/li><li><strong>Exclusive trips<\/strong>, including unique travel experiences to, among others, Lapland and South America, which combine the beauty of the wilderness with shared experiences in a special class.<\/li><li><strong>Close cooperation with recognized partners<\/strong>, such as Tivoli, Smukfest, and other music festivals and companies\u00a0<\/li><\/ul><p><strong style=\"background-color: transparent;\">\u00a0<\/strong><\/p>\t\t\t\t\t\t\t\t<\/div>\n\t\t\t\t<\/div>\n\t\t\t\t<div class=\"elementor-element elementor-element-7145dd5 elementor-widget elementor-widget-text-editor\" data-id=\"7145dd5\" data-element_type=\"widget\" data-widget_type=\"text-editor.default\">\n\t\t\t\t<div class=\"elementor-widget-container\">\n\t\t\t\t\t\t\t\t\t<p><strong style=\"background-color: transparent;\">Contact us for customized event experiences.<\/strong><\/p>\t\t\t\t\t\t\t\t<\/div>\n\t\t\t\t<\/div>\n\t\t\t\t<\/div>\n\t\t\t\t\t<\/div>\n\t\t\t\t<\/div>\n\t\t<div class=\"elementor-element elementor-element-5c92a35 e-grid e-con-boxed e-con e-parent\" data-id=\"5c92a35\" data-element_type=\"container\">\n\t\t\t\t\t<div class=\"e-con-inner\">\n\t\t\t\t<div class=\"elementor-element elementor-element-3e65839 elementor-widget elementor-widget-text-editor\" data-id=\"3e65839\" data-element_type=\"widget\" data-widget_type=\"text-editor.default\">\n\t\t\t\t<div class=\"elementor-widget-container\">\n\t\t\t\t\t\t\t\t\t<h2><strong>Locations<\/strong><\/h2><p>We offer various locations throughout Denmark where your event can be held.\u00a0<br \/>Blue.:<\/p><ul><li>Brahetrolleborg<\/li><li><p class=\"BK5CCe pb3iw\">Sletten Outdoor Center<\/p><\/li><\/ul><p>\u00a0<\/p><p><strong>Contact us and let&#039;s find the best location together.<\/strong><\/p>\t\t\t\t\t\t\t\t<\/div>\n\t\t\t\t<\/div>\n\t\t\t\t<div class=\"elementor-element elementor-element-1aca8f5 elementor-widget elementor-widget-image\" data-id=\"1aca8f5\" data-element_type=\"widget\" data-widget_type=\"image.default\">\n\t\t\t\t<div class=\"elementor-widget-container\">\n\t\t\t\t\t\t\t\t\t\t\t\t\t\t\t<img decoding=\"async\" width=\"800\" height=\"404\" src=\"https:\/\/rwproduction.dk\/wp-content\/uploads\/2026\/03\/Brahetrolleborg-1024x517.png\" class=\"attachment-large size-large wp-image-4009\" alt=\"Brahetrolleborg\" srcset=\"https:\/\/rwproduction.dk\/wp-content\/uploads\/2026\/03\/Brahetrolleborg-1024x517.png 1024w, https:\/\/rwproduction.dk\/wp-content\/uploads\/2026\/03\/Brahetrolleborg-300x151.png 300w, https:\/\/rwproduction.dk\/wp-content\/uploads\/2026\/03\/Brahetrolleborg-768x388.png 768w, https:\/\/rwproduction.dk\/wp-content\/uploads\/2026\/03\/Brahetrolleborg-18x9.png 18w, https:\/\/rwproduction.dk\/wp-content\/uploads\/2026\/03\/Brahetrolleborg.png 1423w\" sizes=\"(max-width: 800px) 100vw, 800px\" \/>\t\t\t\t\t\t\t\t\t\t\t\t\t\t\t<\/div>\n\t\t\t\t<\/div>\n\t\t\t\t\t<\/div>\n\t\t\t\t<\/div>\n\t\t<div class=\"elementor-element elementor-element-d5df408 e-grid e-con-boxed e-con e-parent\" data-id=\"d5df408\" data-element_type=\"container\">\n\t\t\t\t\t<div class=\"e-con-inner\">\n\t\t\t\t<div class=\"elementor-element elementor-element-3cdaca4 elementor-widget elementor-widget-text-editor\" data-id=\"3cdaca4\" data-element_type=\"widget\" data-widget_type=\"text-editor.default\">\n\t\t\t\t<div class=\"elementor-widget-container\">\n\t\t\t\t\t\t\t\t\t<p>\u00a0<\/p><p>\u00a0<\/p>\t\t\t\t\t\t\t\t<\/div>\n\t\t\t\t<\/div>\n\t\t\t\t<div class=\"elementor-element elementor-element-42346f2 elementor-widget elementor-widget-image\" data-id=\"42346f2\" data-element_type=\"widget\" data-widget_type=\"image.default\">\n\t\t\t\t<div class=\"elementor-widget-container\">\n\t\t\t\t\t\t\t\t\t\t\t\t\t\t\t<img decoding=\"async\" width=\"800\" height=\"450\" src=\"https:\/\/rwproduction.dk\/wp-content\/uploads\/2026\/03\/320377_Friluftscenter_Sletten-1024x576.jpg\" class=\"attachment-large size-large wp-image-4010\" alt=\"Friluftscenter Sletten\" srcset=\"https:\/\/rwproduction.dk\/wp-content\/uploads\/2026\/03\/320377_Friluftscenter_Sletten-1024x576.jpg 1024w, https:\/\/rwproduction.dk\/wp-content\/uploads\/2026\/03\/320377_Friluftscenter_Sletten-300x169.jpg 300w, https:\/\/rwproduction.dk\/wp-content\/uploads\/2026\/03\/320377_Friluftscenter_Sletten-768x432.jpg 768w, https:\/\/rwproduction.dk\/wp-content\/uploads\/2026\/03\/320377_Friluftscenter_Sletten-1536x864.jpg 1536w, https:\/\/rwproduction.dk\/wp-content\/uploads\/2026\/03\/320377_Friluftscenter_Sletten-18x10.jpg 18w, https:\/\/rwproduction.dk\/wp-content\/uploads\/2026\/03\/320377_Friluftscenter_Sletten.jpg 1600w\" sizes=\"(max-width: 800px) 100vw, 800px\" \/>\t\t\t\t\t\t\t\t\t\t\t\t\t\t\t<\/div>\n\t\t\t\t<\/div>\n\t\t\t\t\t<\/div>\n\t\t\t\t<\/div>\n\t\t\t\t<\/div>","protected":false},"excerpt":{"rendered":"<p>Inspiration\/Location Energi, n\u00e6rv\u00e6r &amp; oplevelser Hos RW Event &amp; Entertainment handler inspiration om at skabe uforglemmelige \u00f8jeblikke. Vi tror p\u00e5, at de st\u00e6rkeste minder opst\u00e5r, n\u00e5r mennesker samles om unikke oplevelser \u2013 hvad enten det er til en firmafest, en rejse eller et eksklusivt event med nogle af de st\u00f8rste artister i Danmark og udlandet. [&hellip;]<\/p>","protected":false},"author":2,"featured_media":0,"parent":0,"menu_order":0,"comment_status":"closed","ping_status":"closed","template":"","meta":{"footnotes":""},"class_list":["post-3361","page","type-page","status-publish","hentry"],"yoast_head":"<!-- This site is optimized with the Yoast SEO plugin v25.8 - https:\/\/yoast.com\/wordpress\/plugins\/seo\/ -->\n<title>Inspiration - RW Production &amp; Management<\/title>\n<meta name=\"description\" content=\"Event-udlejning Leje af div. udstyr og deko til festen - Bar, julehuse, juletr\u00e6er, palmer, tr\u00e6er samt store elektroniske figurer.\" \/>\n<meta name=\"robots\" content=\"index, follow, max-snippet:-1, max-image-preview:large, max-video-preview:-1\" \/>\n<link rel=\"canonical\" href=\"https:\/\/rwproduction.dk\/en\/inspiration\/\" \/>\n<meta property=\"og:locale\" content=\"en_GB\" \/>\n<meta property=\"og:type\" content=\"article\" \/>\n<meta property=\"og:title\" content=\"Inspiration - RW Production &amp; Management\" \/>\n<meta property=\"og:description\" content=\"Event-udlejning Leje af div. udstyr og deko til festen - Bar, julehuse, juletr\u00e6er, palmer, tr\u00e6er samt store elektroniske figurer.\" \/>\n<meta property=\"og:url\" content=\"https:\/\/rwproduction.dk\/en\/inspiration\/\" \/>\n<meta property=\"og:site_name\" content=\"RW Production &amp; Management\" \/>\n<meta property=\"article:modified_time\" content=\"2026-03-11T11:38:27+00:00\" \/>\n<meta property=\"og:image\" content=\"https:\/\/rwproduction.dk\/wp-content\/uploads\/2025\/06\/Firmafest.jpg\" \/>\n\t<meta property=\"og:image:width\" content=\"552\" \/>\n\t<meta property=\"og:image:height\" content=\"705\" \/>\n\t<meta property=\"og:image:type\" content=\"image\/jpeg\" \/>\n<meta name=\"twitter:card\" content=\"summary_large_image\" \/>\n<meta name=\"twitter:label1\" content=\"Estimated reading time\" \/>\n\t<meta name=\"twitter:data1\" content=\"3 minutes\" \/>\n<script type=\"application\/ld+json\" class=\"yoast-schema-graph\">{\"@context\":\"https:\/\/schema.org\",\"@graph\":[{\"@type\":\"WebPage\",\"@id\":\"https:\/\/rwproduction.dk\/inspiration\/\",\"url\":\"https:\/\/rwproduction.dk\/inspiration\/\",\"name\":\"Inspiration - RW Production &amp; Management\",\"isPartOf\":{\"@id\":\"https:\/\/rwproduction.dk\/#website\"},\"primaryImageOfPage\":{\"@id\":\"https:\/\/rwproduction.dk\/inspiration\/#primaryimage\"},\"image\":{\"@id\":\"https:\/\/rwproduction.dk\/inspiration\/#primaryimage\"},\"thumbnailUrl\":\"https:\/\/rwproduction.dk\/wp-content\/uploads\/2025\/06\/Firmafest.jpg\",\"datePublished\":\"2025-08-19T09:55:13+00:00\",\"dateModified\":\"2026-03-11T11:38:27+00:00\",\"description\":\"Event-udlejning Leje af div. udstyr og deko til festen - Bar, julehuse, juletr\u00e6er, palmer, tr\u00e6er samt store elektroniske figurer.\",\"breadcrumb\":{\"@id\":\"https:\/\/rwproduction.dk\/inspiration\/#breadcrumb\"},\"inLanguage\":\"en-GB\",\"potentialAction\":[{\"@type\":\"ReadAction\",\"target\":[\"https:\/\/rwproduction.dk\/inspiration\/\"]}]},{\"@type\":\"ImageObject\",\"inLanguage\":\"en-GB\",\"@id\":\"https:\/\/rwproduction.dk\/inspiration\/#primaryimage\",\"url\":\"https:\/\/rwproduction.dk\/wp-content\/uploads\/2025\/06\/Firmafest.jpg\",\"contentUrl\":\"https:\/\/rwproduction.dk\/wp-content\/uploads\/2025\/06\/Firmafest.jpg\"},{\"@type\":\"BreadcrumbList\",\"@id\":\"https:\/\/rwproduction.dk\/inspiration\/#breadcrumb\",\"itemListElement\":[{\"@type\":\"ListItem\",\"position\":1,\"name\":\"Home\",\"item\":\"https:\/\/rwproduction.dk\/\"},{\"@type\":\"ListItem\",\"position\":2,\"name\":\"Inspiration\"}]},{\"@type\":\"WebSite\",\"@id\":\"https:\/\/rwproduction.dk\/#website\",\"url\":\"https:\/\/rwproduction.dk\/\",\"name\":\"RW Production &amp; Management\",\"description\":\"Book her\",\"publisher\":{\"@id\":\"https:\/\/rwproduction.dk\/#organization\"},\"potentialAction\":[{\"@type\":\"SearchAction\",\"target\":{\"@type\":\"EntryPoint\",\"urlTemplate\":\"https:\/\/rwproduction.dk\/?s={search_term_string}\"},\"query-input\":{\"@type\":\"PropertyValueSpecification\",\"valueRequired\":true,\"valueName\":\"search_term_string\"}}],\"inLanguage\":\"en-GB\"},{\"@type\":\"Organization\",\"@id\":\"https:\/\/rwproduction.dk\/#organization\",\"name\":\"RW Production &amp; Management\",\"url\":\"https:\/\/rwproduction.dk\/\",\"logo\":{\"@type\":\"ImageObject\",\"inLanguage\":\"en-GB\",\"@id\":\"https:\/\/rwproduction.dk\/#\/schema\/logo\/image\/\",\"url\":\"https:\/\/rwproduction.dk\/wp-content\/uploads\/2024\/10\/logo-fritlagt-1.svg\",\"contentUrl\":\"https:\/\/rwproduction.dk\/wp-content\/uploads\/2024\/10\/logo-fritlagt-1.svg\",\"width\":274,\"height\":40,\"caption\":\"RW Production &amp; Management\"},\"image\":{\"@id\":\"https:\/\/rwproduction.dk\/#\/schema\/logo\/image\/\"}}]}<\/script>\n<!-- \/ Yoast SEO plugin. -->","yoast_head_json":{"title":"Inspiration - RW Production &amp; Management","description":"Event rental Rental of various equipment and decorations for the party - Bar, Christmas houses, Christmas trees, palm trees, trees and large electronic figures.","robots":{"index":"index","follow":"follow","max-snippet":"max-snippet:-1","max-image-preview":"max-image-preview:large","max-video-preview":"max-video-preview:-1"},"canonical":"https:\/\/rwproduction.dk\/en\/inspiration\/","og_locale":"en_GB","og_type":"article","og_title":"Inspiration - RW Production &amp; Management","og_description":"Event-udlejning Leje af div. udstyr og deko til festen - Bar, julehuse, juletr\u00e6er, palmer, tr\u00e6er samt store elektroniske figurer.","og_url":"https:\/\/rwproduction.dk\/en\/inspiration\/","og_site_name":"RW Production &amp; Management","article_modified_time":"2026-03-11T11:38:27+00:00","og_image":[{"width":552,"height":705,"url":"https:\/\/rwproduction.dk\/wp-content\/uploads\/2025\/06\/Firmafest.jpg","type":"image\/jpeg"}],"twitter_card":"summary_large_image","twitter_misc":{"Estimated reading time":"3 minutes"},"schema":{"@context":"https:\/\/schema.org","@graph":[{"@type":"WebPage","@id":"https:\/\/rwproduction.dk\/inspiration\/","url":"https:\/\/rwproduction.dk\/inspiration\/","name":"Inspiration - RW Production &amp; Management","isPartOf":{"@id":"https:\/\/rwproduction.dk\/#website"},"primaryImageOfPage":{"@id":"https:\/\/rwproduction.dk\/inspiration\/#primaryimage"},"image":{"@id":"https:\/\/rwproduction.dk\/inspiration\/#primaryimage"},"thumbnailUrl":"https:\/\/rwproduction.dk\/wp-content\/uploads\/2025\/06\/Firmafest.jpg","datePublished":"2025-08-19T09:55:13+00:00","dateModified":"2026-03-11T11:38:27+00:00","description":"Event rental Rental of various equipment and decorations for the party - Bar, Christmas houses, Christmas trees, palm trees, trees and large electronic figures.","breadcrumb":{"@id":"https:\/\/rwproduction.dk\/inspiration\/#breadcrumb"},"inLanguage":"en-GB","potentialAction":[{"@type":"ReadAction","target":["https:\/\/rwproduction.dk\/inspiration\/"]}]},{"@type":"ImageObject","inLanguage":"en-GB","@id":"https:\/\/rwproduction.dk\/inspiration\/#primaryimage","url":"https:\/\/rwproduction.dk\/wp-content\/uploads\/2025\/06\/Firmafest.jpg","contentUrl":"https:\/\/rwproduction.dk\/wp-content\/uploads\/2025\/06\/Firmafest.jpg"},{"@type":"BreadcrumbList","@id":"https:\/\/rwproduction.dk\/inspiration\/#breadcrumb","itemListElement":[{"@type":"ListItem","position":1,"name":"Home","item":"https:\/\/rwproduction.dk\/"},{"@type":"ListItem","position":2,"name":"Inspiration"}]},{"@type":"WebSite","@id":"https:\/\/rwproduction.dk\/#website","url":"https:\/\/rwproduction.dk\/","name":"RW Production &amp; Management","description":"Book here","publisher":{"@id":"https:\/\/rwproduction.dk\/#organization"},"potentialAction":[{"@type":"SearchAction","target":{"@type":"EntryPoint","urlTemplate":"https:\/\/rwproduction.dk\/?s={search_term_string}"},"query-input":{"@type":"PropertyValueSpecification","valueRequired":true,"valueName":"search_term_string"}}],"inLanguage":"en-GB"},{"@type":"Organization","@id":"https:\/\/rwproduction.dk\/#organization","name":"RW Production &amp; Management","url":"https:\/\/rwproduction.dk\/","logo":{"@type":"ImageObject","inLanguage":"en-GB","@id":"https:\/\/rwproduction.dk\/#\/schema\/logo\/image\/","url":"https:\/\/rwproduction.dk\/wp-content\/uploads\/2024\/10\/logo-fritlagt-1.svg","contentUrl":"https:\/\/rwproduction.dk\/wp-content\/uploads\/2024\/10\/logo-fritlagt-1.svg","width":274,"height":40,"caption":"RW Production &amp; Management"},"image":{"@id":"https:\/\/rwproduction.dk\/#\/schema\/logo\/image\/"}}]}},"_links":{"self":[{"href":"https:\/\/rwproduction.dk\/en\/wp-json\/wp\/v2\/pages\/3361","targetHints":{"allow":["GET"]}}],"collection":[{"href":"https:\/\/rwproduction.dk\/en\/wp-json\/wp\/v2\/pages"}],"about":[{"href":"https:\/\/rwproduction.dk\/en\/wp-json\/wp\/v2\/types\/page"}],"author":[{"embeddable":true,"href":"https:\/\/rwproduction.dk\/en\/wp-json\/wp\/v2\/users\/2"}],"replies":[{"embeddable":true,"href":"https:\/\/rwproduction.dk\/en\/wp-json\/wp\/v2\/comments?post=3361"}],"version-history":[{"count":43,"href":"https:\/\/rwproduction.dk\/en\/wp-json\/wp\/v2\/pages\/3361\/revisions"}],"predecessor-version":[{"id":4022,"href":"https:\/\/rwproduction.dk\/en\/wp-json\/wp\/v2\/pages\/3361\/revisions\/4022"}],"wp:attachment":[{"href":"https:\/\/rwproduction.dk\/en\/wp-json\/wp\/v2\/media?parent=3361"}],"curies":[{"name":"wp","href":"https:\/\/api.w.org\/{rel}","templated":true}]}}