{"id":2247,"date":"2025-06-06T12:01:31","date_gmt":"2025-06-06T10:01:31","guid":{"rendered":"https:\/\/rwproduction.dk\/?page_id=2247"},"modified":"2025-11-11T10:23:20","modified_gmt":"2025-11-11T09:23:20","slug":"om-os","status":"publish","type":"page","link":"https:\/\/rwproduction.dk\/en\/om-os\/","title":{"rendered":"About us"},"content":{"rendered":"<div data-elementor-type=\"wp-page\" data-elementor-id=\"2247\" class=\"elementor elementor-2247\" data-elementor-post-type=\"page\">\n\t\t\t\t<div class=\"elementor-element elementor-element-3341b293 e-flex e-con-boxed e-con e-parent\" data-id=\"3341b293\" data-element_type=\"container\" data-settings=\"{&quot;background_background&quot;:&quot;classic&quot;}\">\n\t\t\t\t\t<div class=\"e-con-inner\">\n\t\t\t\t<div class=\"elementor-element elementor-element-43067a6c elementor-widget elementor-widget-heading\" data-id=\"43067a6c\" data-element_type=\"widget\" data-widget_type=\"heading.default\">\n\t\t\t\t<div class=\"elementor-widget-container\">\n\t\t\t\t\t<h1 class=\"elementor-heading-title elementor-size-default\">About Us<\/h1>\t\t\t\t<\/div>\n\t\t\t\t<\/div>\n\t\t\t\t\t<\/div>\n\t\t\t\t<\/div>\n\t\t<div class=\"elementor-element elementor-element-d55d52a e-flex e-con-boxed e-con e-parent\" data-id=\"d55d52a\" data-element_type=\"container\">\n\t\t\t\t\t<div class=\"e-con-inner\">\n\t\t\t\t<div class=\"elementor-element elementor-element-1cf296a elementor-widget elementor-widget-heading\" data-id=\"1cf296a\" data-element_type=\"widget\" data-widget_type=\"heading.default\">\n\t\t\t\t<div class=\"elementor-widget-container\">\n\t\t\t\t\t<h2 class=\"elementor-heading-title elementor-size-default\">Welcome to RW Event &amp; Entertainment<\/h2>\t\t\t\t<\/div>\n\t\t\t\t<\/div>\n\t\t\t\t<div class=\"elementor-element elementor-element-1938561 elementor-widget elementor-widget-text-editor\" data-id=\"1938561\" data-element_type=\"widget\" data-widget_type=\"text-editor.default\">\n\t\t\t\t<div class=\"elementor-widget-container\">\n\t\t\t\t\t\t\t\t\t<p>Today we are one of Denmark&#039;s leading booking and event agencies.<br \/>We have existed since 1987 as an event production company and since 2000 as a booking and concert company.<br \/>Our primary tasks are: <a href=\"https:\/\/rwproduction.dk\/en\/booking\/firmafest-temafest\/\">company parties<\/a>, <a href=\"https:\/\/rwproduction.dk\/en\/booking\/koncertnavne\/\">concert<\/a> &amp; tour planning as well as various<a href=\"https:\/\/rwproduction.dk\/en\/booking\/events\/\"> events<\/a>.<br \/>We represent and book a wide selection of Danish and foreign concert names, soloists, comedians and artists who all deliver professional entertainment.<\/p><p>Click and be inspired \u2013 for further information send us an <a href=\"https:\/\/rwproduction.dk\/en\/bookingforespoergsel\/\">booking request.<\/a><\/p>\t\t\t\t\t\t\t\t<\/div>\n\t\t\t\t<\/div>\n\t\t\t\t<div class=\"elementor-element elementor-element-4785968 elementor-widget elementor-widget-spacer\" data-id=\"4785968\" data-element_type=\"widget\" data-widget_type=\"spacer.default\">\n\t\t\t\t<div class=\"elementor-widget-container\">\n\t\t\t\t\t\t\t<div class=\"elementor-spacer\">\n\t\t\t<div class=\"elementor-spacer-inner\"><\/div>\n\t\t<\/div>\n\t\t\t\t\t\t<\/div>\n\t\t\t\t<\/div>\n\t\t\t\t\t<\/div>\n\t\t\t\t<\/div>\n\t\t<div class=\"elementor-element elementor-element-5e6efbf e-flex e-con-boxed e-con e-parent\" data-id=\"5e6efbf\" data-element_type=\"container\">\n\t\t\t\t\t<div class=\"e-con-inner\">\n\t\t<div class=\"elementor-element elementor-element-a238547 e-con-full e-flex e-con e-child\" data-id=\"a238547\" data-element_type=\"container\">\n\t\t\t\t<div class=\"elementor-element elementor-element-294d07a elementor-widget elementor-widget-image\" data-id=\"294d07a\" data-element_type=\"widget\" data-widget_type=\"image.default\">\n\t\t\t\t<div class=\"elementor-widget-container\">\n\t\t\t\t\t\t\t\t\t\t\t\t\t\t\t<img fetchpriority=\"high\" decoding=\"async\" width=\"728\" height=\"728\" src=\"https:\/\/rwproduction.dk\/wp-content\/uploads\/2025\/08\/RENE-WOWK.jpg\" class=\"attachment-large size-large wp-image-3320\" alt=\"RENE WOWK.\" srcset=\"https:\/\/rwproduction.dk\/wp-content\/uploads\/2025\/08\/RENE-WOWK.jpg 728w, https:\/\/rwproduction.dk\/wp-content\/uploads\/2025\/08\/RENE-WOWK-300x300.jpg 300w, https:\/\/rwproduction.dk\/wp-content\/uploads\/2025\/08\/RENE-WOWK-150x150.jpg 150w, https:\/\/rwproduction.dk\/wp-content\/uploads\/2025\/08\/RENE-WOWK-12x12.jpg 12w\" sizes=\"(max-width: 728px) 100vw, 728px\" \/>\t\t\t\t\t\t\t\t\t\t\t\t\t\t\t<\/div>\n\t\t\t\t<\/div>\n\t\t\t\t<\/div>\n\t\t<div class=\"elementor-element elementor-element-63d7782 e-con-full e-flex e-con e-child\" data-id=\"63d7782\" data-element_type=\"container\">\n\t\t\t\t<div class=\"elementor-element elementor-element-8d2f350 elementor-widget elementor-widget-image\" data-id=\"8d2f350\" data-element_type=\"widget\" data-widget_type=\"image.default\">\n\t\t\t\t<div class=\"elementor-widget-container\">\n\t\t\t\t\t\t\t\t\t\t\t\t\t\t\t<img decoding=\"async\" width=\"800\" height=\"815\" src=\"https:\/\/rwproduction.dk\/wp-content\/uploads\/2025\/08\/Lisbeth.jpg\" class=\"attachment-large size-large wp-image-3323\" alt=\"Lisbeth\" srcset=\"https:\/\/rwproduction.dk\/wp-content\/uploads\/2025\/08\/Lisbeth.jpg 990w, https:\/\/rwproduction.dk\/wp-content\/uploads\/2025\/08\/Lisbeth-295x300.jpg 295w, https:\/\/rwproduction.dk\/wp-content\/uploads\/2025\/08\/Lisbeth-768x782.jpg 768w, https:\/\/rwproduction.dk\/wp-content\/uploads\/2025\/08\/Lisbeth-12x12.jpg 12w\" sizes=\"(max-width: 800px) 100vw, 800px\" \/>\t\t\t\t\t\t\t\t\t\t\t\t\t\t\t<\/div>\n\t\t\t\t<\/div>\n\t\t\t\t<\/div>\n\t\t<div class=\"elementor-element elementor-element-4d87d8b e-con-full e-flex e-con e-child\" data-id=\"4d87d8b\" data-element_type=\"container\">\n\t\t\t\t<\/div>\n\t\t<div class=\"elementor-element elementor-element-49a2a60 e-con-full e-flex e-con e-child\" data-id=\"49a2a60\" data-element_type=\"container\">\n\t\t\t\t<div class=\"elementor-element elementor-element-5b9e557 elementor-widget elementor-widget-text-editor\" data-id=\"5b9e557\" data-element_type=\"widget\" data-widget_type=\"text-editor.default\">\n\t\t\t\t<div class=\"elementor-widget-container\">\n\t\t\t\t\t\t\t\t\t<p><strong>CEO<\/strong><\/p><p>Rene Wowk<br \/>Phone: +4520423078<br \/>rw@rwproduction.dk<\/p>\t\t\t\t\t\t\t\t<\/div>\n\t\t\t\t<\/div>\n\t\t\t\t<\/div>\n\t\t<div class=\"elementor-element elementor-element-8d4e507 e-con-full e-flex e-con e-child\" data-id=\"8d4e507\" data-element_type=\"container\">\n\t\t\t\t<div class=\"elementor-element elementor-element-3d89040 elementor-widget elementor-widget-text-editor\" data-id=\"3d89040\" data-element_type=\"widget\" data-widget_type=\"text-editor.default\">\n\t\t\t\t<div class=\"elementor-widget-container\">\n\t\t\t\t\t\t\t\t\t<p><strong>Social Media\/WEBSITE<\/strong><\/p><p>Lisbeth Bergquist Jorgensen<br \/>lb@rwproduction.dk<\/p>\t\t\t\t\t\t\t\t<\/div>\n\t\t\t\t<\/div>\n\t\t\t\t<\/div>\n\t\t<div class=\"elementor-element elementor-element-8c682b8 e-con-full e-flex e-con e-child\" data-id=\"8c682b8\" data-element_type=\"container\">\n\t\t\t\t<div class=\"elementor-element elementor-element-da7cab0 elementor-widget elementor-widget-text-editor\" data-id=\"da7cab0\" data-element_type=\"widget\" data-widget_type=\"text-editor.default\">\n\t\t\t\t<div class=\"elementor-widget-container\">\n\t\t\t\t\t\t\t\t\t<p><strong>EVENT COORDINATOR<\/strong><\/p><p>Karina Karvits<br \/>Phone: +4528762510<br \/>consultant@rwproduction.dk<\/p>\t\t\t\t\t\t\t\t<\/div>\n\t\t\t\t<\/div>\n\t\t\t\t<\/div>\n\t\t\t\t\t<\/div>\n\t\t\t\t<\/div>\n\t\t\t\t<\/div>","protected":false},"excerpt":{"rendered":"<p>About Us Welcome to RW Event &amp; Entertainment We are today one of Denmark&#039;s leading booking and event agencies. We have existed since 1987 as an event production company and since 2000 as a booking and concert company. Our primary tasks are company parties, concert &amp; tour planning and various events. We represent and book a wide selection of Danish and foreign concert names, [\u2026]<\/p>","protected":false},"author":2,"featured_media":0,"parent":0,"menu_order":0,"comment_status":"closed","ping_status":"closed","template":"","meta":{"footnotes":""},"class_list":["post-2247","page","type-page","status-publish","hentry"],"yoast_head":"<!-- This site is optimized with the Yoast SEO plugin v25.8 - https:\/\/yoast.com\/wordpress\/plugins\/seo\/ -->\n<title>Om os - RW Production &amp; Management<\/title>\n<meta name=\"robots\" content=\"index, follow, max-snippet:-1, max-image-preview:large, max-video-preview:-1\" \/>\n<link rel=\"canonical\" href=\"https:\/\/rwproduction.dk\/en\/om-os\/\" \/>\n<meta property=\"og:locale\" content=\"en_GB\" \/>\n<meta property=\"og:type\" content=\"article\" \/>\n<meta property=\"og:title\" content=\"Om os - RW Production &amp; Management\" \/>\n<meta property=\"og:description\" content=\"Om Os Velkommen til RW Event &amp; Entertainment Vi er i dag et af Danmarks f\u00f8rende booking og eventbureauer.Vi har eksisteret siden 1987 som event-produktionsvirksomhed og siden \u00e5r 2000 som booking og koncert virksomhed.Vores prim\u00e6re arbejdsopgaver er firmafester, koncert &amp; tourn\u00e9-planl\u00e6gning samt forskellige events.Vi repr\u00e6senterer og booker et bredt udvalg af danske og udenlandske koncertnavne, [&hellip;]\" \/>\n<meta property=\"og:url\" content=\"https:\/\/rwproduction.dk\/en\/om-os\/\" \/>\n<meta property=\"og:site_name\" content=\"RW Production &amp; Management\" \/>\n<meta property=\"article:modified_time\" content=\"2025-11-11T09:23:20+00:00\" \/>\n<meta property=\"og:image\" content=\"https:\/\/rwproduction.dk\/wp-content\/uploads\/2025\/08\/RENE-WOWK.jpg\" \/>\n\t<meta property=\"og:image:width\" content=\"728\" \/>\n\t<meta property=\"og:image:height\" content=\"728\" \/>\n\t<meta property=\"og:image:type\" content=\"image\/jpeg\" \/>\n<meta name=\"twitter:card\" content=\"summary_large_image\" \/>\n<meta name=\"twitter:label1\" content=\"Estimated reading time\" \/>\n\t<meta name=\"twitter:data1\" content=\"1 minute\" \/>\n<script type=\"application\/ld+json\" class=\"yoast-schema-graph\">{\"@context\":\"https:\/\/schema.org\",\"@graph\":[{\"@type\":\"WebPage\",\"@id\":\"https:\/\/rwproduction.dk\/om-os\/\",\"url\":\"https:\/\/rwproduction.dk\/om-os\/\",\"name\":\"Om os - RW Production &amp; Management\",\"isPartOf\":{\"@id\":\"https:\/\/rwproduction.dk\/#website\"},\"primaryImageOfPage\":{\"@id\":\"https:\/\/rwproduction.dk\/om-os\/#primaryimage\"},\"image\":{\"@id\":\"https:\/\/rwproduction.dk\/om-os\/#primaryimage\"},\"thumbnailUrl\":\"https:\/\/rwproduction.dk\/wp-content\/uploads\/2025\/08\/RENE-WOWK.jpg\",\"datePublished\":\"2025-06-06T10:01:31+00:00\",\"dateModified\":\"2025-11-11T09:23:20+00:00\",\"breadcrumb\":{\"@id\":\"https:\/\/rwproduction.dk\/om-os\/#breadcrumb\"},\"inLanguage\":\"en-GB\",\"potentialAction\":[{\"@type\":\"ReadAction\",\"target\":[\"https:\/\/rwproduction.dk\/om-os\/\"]}]},{\"@type\":\"ImageObject\",\"inLanguage\":\"en-GB\",\"@id\":\"https:\/\/rwproduction.dk\/om-os\/#primaryimage\",\"url\":\"https:\/\/rwproduction.dk\/wp-content\/uploads\/2025\/08\/RENE-WOWK.jpg\",\"contentUrl\":\"https:\/\/rwproduction.dk\/wp-content\/uploads\/2025\/08\/RENE-WOWK.jpg\"},{\"@type\":\"BreadcrumbList\",\"@id\":\"https:\/\/rwproduction.dk\/om-os\/#breadcrumb\",\"itemListElement\":[{\"@type\":\"ListItem\",\"position\":1,\"name\":\"Home\",\"item\":\"https:\/\/rwproduction.dk\/\"},{\"@type\":\"ListItem\",\"position\":2,\"name\":\"Om os\"}]},{\"@type\":\"WebSite\",\"@id\":\"https:\/\/rwproduction.dk\/#website\",\"url\":\"https:\/\/rwproduction.dk\/\",\"name\":\"RW Production &amp; Management\",\"description\":\"Book her\",\"publisher\":{\"@id\":\"https:\/\/rwproduction.dk\/#organization\"},\"potentialAction\":[{\"@type\":\"SearchAction\",\"target\":{\"@type\":\"EntryPoint\",\"urlTemplate\":\"https:\/\/rwproduction.dk\/?s={search_term_string}\"},\"query-input\":{\"@type\":\"PropertyValueSpecification\",\"valueRequired\":true,\"valueName\":\"search_term_string\"}}],\"inLanguage\":\"en-GB\"},{\"@type\":\"Organization\",\"@id\":\"https:\/\/rwproduction.dk\/#organization\",\"name\":\"RW Production &amp; Management\",\"url\":\"https:\/\/rwproduction.dk\/\",\"logo\":{\"@type\":\"ImageObject\",\"inLanguage\":\"en-GB\",\"@id\":\"https:\/\/rwproduction.dk\/#\/schema\/logo\/image\/\",\"url\":\"https:\/\/rwproduction.dk\/wp-content\/uploads\/2024\/10\/logo-fritlagt-1.svg\",\"contentUrl\":\"https:\/\/rwproduction.dk\/wp-content\/uploads\/2024\/10\/logo-fritlagt-1.svg\",\"width\":274,\"height\":40,\"caption\":\"RW Production &amp; Management\"},\"image\":{\"@id\":\"https:\/\/rwproduction.dk\/#\/schema\/logo\/image\/\"}}]}<\/script>\n<!-- \/ Yoast SEO plugin. -->","yoast_head_json":{"title":"About us - RW Production &amp; Management","robots":{"index":"index","follow":"follow","max-snippet":"max-snippet:-1","max-image-preview":"max-image-preview:large","max-video-preview":"max-video-preview:-1"},"canonical":"https:\/\/rwproduction.dk\/en\/om-os\/","og_locale":"en_GB","og_type":"article","og_title":"Om os - RW Production &amp; Management","og_description":"Om Os Velkommen til RW Event &amp; Entertainment Vi er i dag et af Danmarks f\u00f8rende booking og eventbureauer.Vi har eksisteret siden 1987 som event-produktionsvirksomhed og siden \u00e5r 2000 som booking og koncert virksomhed.Vores prim\u00e6re arbejdsopgaver er firmafester, koncert &amp; tourn\u00e9-planl\u00e6gning samt forskellige events.Vi repr\u00e6senterer og booker et bredt udvalg af danske og udenlandske koncertnavne, [&hellip;]","og_url":"https:\/\/rwproduction.dk\/en\/om-os\/","og_site_name":"RW Production &amp; Management","article_modified_time":"2025-11-11T09:23:20+00:00","og_image":[{"width":728,"height":728,"url":"https:\/\/rwproduction.dk\/wp-content\/uploads\/2025\/08\/RENE-WOWK.jpg","type":"image\/jpeg"}],"twitter_card":"summary_large_image","twitter_misc":{"Estimated reading time":"1 minute"},"schema":{"@context":"https:\/\/schema.org","@graph":[{"@type":"WebPage","@id":"https:\/\/rwproduction.dk\/om-os\/","url":"https:\/\/rwproduction.dk\/om-os\/","name":"About us - RW Production &amp; Management","isPartOf":{"@id":"https:\/\/rwproduction.dk\/#website"},"primaryImageOfPage":{"@id":"https:\/\/rwproduction.dk\/om-os\/#primaryimage"},"image":{"@id":"https:\/\/rwproduction.dk\/om-os\/#primaryimage"},"thumbnailUrl":"https:\/\/rwproduction.dk\/wp-content\/uploads\/2025\/08\/RENE-WOWK.jpg","datePublished":"2025-06-06T10:01:31+00:00","dateModified":"2025-11-11T09:23:20+00:00","breadcrumb":{"@id":"https:\/\/rwproduction.dk\/om-os\/#breadcrumb"},"inLanguage":"en-GB","potentialAction":[{"@type":"ReadAction","target":["https:\/\/rwproduction.dk\/om-os\/"]}]},{"@type":"ImageObject","inLanguage":"en-GB","@id":"https:\/\/rwproduction.dk\/om-os\/#primaryimage","url":"https:\/\/rwproduction.dk\/wp-content\/uploads\/2025\/08\/RENE-WOWK.jpg","contentUrl":"https:\/\/rwproduction.dk\/wp-content\/uploads\/2025\/08\/RENE-WOWK.jpg"},{"@type":"BreadcrumbList","@id":"https:\/\/rwproduction.dk\/om-os\/#breadcrumb","itemListElement":[{"@type":"ListItem","position":1,"name":"Home","item":"https:\/\/rwproduction.dk\/"},{"@type":"ListItem","position":2,"name":"Om os"}]},{"@type":"WebSite","@id":"https:\/\/rwproduction.dk\/#website","url":"https:\/\/rwproduction.dk\/","name":"RW Production &amp; Management","description":"Book here","publisher":{"@id":"https:\/\/rwproduction.dk\/#organization"},"potentialAction":[{"@type":"SearchAction","target":{"@type":"EntryPoint","urlTemplate":"https:\/\/rwproduction.dk\/?s={search_term_string}"},"query-input":{"@type":"PropertyValueSpecification","valueRequired":true,"valueName":"search_term_string"}}],"inLanguage":"en-GB"},{"@type":"Organization","@id":"https:\/\/rwproduction.dk\/#organization","name":"RW Production &amp; Management","url":"https:\/\/rwproduction.dk\/","logo":{"@type":"ImageObject","inLanguage":"en-GB","@id":"https:\/\/rwproduction.dk\/#\/schema\/logo\/image\/","url":"https:\/\/rwproduction.dk\/wp-content\/uploads\/2024\/10\/logo-fritlagt-1.svg","contentUrl":"https:\/\/rwproduction.dk\/wp-content\/uploads\/2024\/10\/logo-fritlagt-1.svg","width":274,"height":40,"caption":"RW Production &amp; Management"},"image":{"@id":"https:\/\/rwproduction.dk\/#\/schema\/logo\/image\/"}}]}},"_links":{"self":[{"href":"https:\/\/rwproduction.dk\/en\/wp-json\/wp\/v2\/pages\/2247","targetHints":{"allow":["GET"]}}],"collection":[{"href":"https:\/\/rwproduction.dk\/en\/wp-json\/wp\/v2\/pages"}],"about":[{"href":"https:\/\/rwproduction.dk\/en\/wp-json\/wp\/v2\/types\/page"}],"author":[{"embeddable":true,"href":"https:\/\/rwproduction.dk\/en\/wp-json\/wp\/v2\/users\/2"}],"replies":[{"embeddable":true,"href":"https:\/\/rwproduction.dk\/en\/wp-json\/wp\/v2\/comments?post=2247"}],"version-history":[{"count":56,"href":"https:\/\/rwproduction.dk\/en\/wp-json\/wp\/v2\/pages\/2247\/revisions"}],"predecessor-version":[{"id":3832,"href":"https:\/\/rwproduction.dk\/en\/wp-json\/wp\/v2\/pages\/2247\/revisions\/3832"}],"wp:attachment":[{"href":"https:\/\/rwproduction.dk\/en\/wp-json\/wp\/v2\/media?parent=2247"}],"curies":[{"name":"wp","href":"https:\/\/api.w.org\/{rel}","templated":true}]}}