{"id":2231,"date":"2025-06-04T11:19:05","date_gmt":"2025-06-04T09:19:05","guid":{"rendered":"https:\/\/rwproduction.dk\/?page_id=2231"},"modified":"2025-07-09T10:10:55","modified_gmt":"2025-07-09T08:10:55","slug":"tour-busser","status":"publish","type":"page","link":"https:\/\/rwproduction.dk\/en\/tour-busser\/","title":{"rendered":"Tour buses"},"content":{"rendered":"<div data-elementor-type=\"wp-page\" data-elementor-id=\"2231\" class=\"elementor elementor-2231\" data-elementor-post-type=\"page\">\n\t\t\t\t<div class=\"elementor-element elementor-element-3341b293 e-flex e-con-boxed e-con e-parent\" data-id=\"3341b293\" data-element_type=\"container\" data-settings=\"{&quot;background_background&quot;:&quot;classic&quot;}\">\n\t\t\t\t\t<div class=\"e-con-inner\">\n\t\t\t\t<div class=\"elementor-element elementor-element-43067a6c elementor-widget elementor-widget-heading\" data-id=\"43067a6c\" data-element_type=\"widget\" data-widget_type=\"heading.default\">\n\t\t\t\t<div class=\"elementor-widget-container\">\n\t\t\t\t\t<h1 class=\"elementor-heading-title elementor-size-default\">Tour buses<\/h1>\t\t\t\t<\/div>\n\t\t\t\t<\/div>\n\t\t\t\t\t<\/div>\n\t\t\t\t<\/div>\n\t\t<div class=\"elementor-element elementor-element-d55d52a e-flex e-con-boxed e-con e-parent\" data-id=\"d55d52a\" data-element_type=\"container\">\n\t\t\t\t\t<div class=\"e-con-inner\">\n\t\t\t\t<div class=\"elementor-element elementor-element-04a8dbd elementor-widget elementor-widget-heading\" data-id=\"04a8dbd\" data-element_type=\"widget\" data-widget_type=\"heading.default\">\n\t\t\t\t<div class=\"elementor-widget-container\">\n\t\t\t\t\t<h2 class=\"elementor-heading-title elementor-size-default\"> Tour bus for rent for film, band and technical transport\n<\/h2>\t\t\t\t<\/div>\n\t\t\t\t<\/div>\n\t\t\t\t\t<\/div>\n\t\t\t\t<\/div>\n\t\t<div class=\"elementor-element elementor-element-666f70ff e-flex e-con-boxed e-con e-parent\" data-id=\"666f70ff\" data-element_type=\"container\">\n\t\t\t\t\t<div class=\"e-con-inner\">\n\t\t<div class=\"elementor-element elementor-element-76488e2 e-con-full e-flex e-con e-child\" data-id=\"76488e2\" data-element_type=\"container\">\n\t\t\t\t<div class=\"elementor-element elementor-element-3b20577d elementor-widget elementor-widget-image\" data-id=\"3b20577d\" data-element_type=\"widget\" data-widget_type=\"image.default\">\n\t\t\t\t<div class=\"elementor-widget-container\">\n\t\t\t\t\t\t\t\t\t\t\t\t\t\t\t<img fetchpriority=\"high\" decoding=\"async\" width=\"768\" height=\"576\" src=\"https:\/\/rwproduction.dk\/wp-content\/uploads\/2025\/06\/bus.jpg\" class=\"attachment-large size-large wp-image-2239\" alt=\"bus\" srcset=\"https:\/\/rwproduction.dk\/wp-content\/uploads\/2025\/06\/bus.jpg 768w, https:\/\/rwproduction.dk\/wp-content\/uploads\/2025\/06\/bus-300x225.jpg 300w, https:\/\/rwproduction.dk\/wp-content\/uploads\/2025\/06\/bus-16x12.jpg 16w\" sizes=\"(max-width: 768px) 100vw, 768px\" \/>\t\t\t\t\t\t\t\t\t\t\t\t\t\t\t<\/div>\n\t\t\t\t<\/div>\n\t\t\t\t<\/div>\n\t\t<div class=\"elementor-element elementor-element-40f5e1f7 e-con-full e-flex e-con e-child\" data-id=\"40f5e1f7\" data-element_type=\"container\">\n\t\t\t\t<div class=\"elementor-element elementor-element-49a23e38 elementor-widget elementor-widget-heading\" data-id=\"49a23e38\" data-element_type=\"widget\" data-widget_type=\"heading.default\">\n\t\t\t\t<div class=\"elementor-widget-container\">\n\t\t\t\t\t<h2 class=\"elementor-heading-title elementor-size-default\"><a href=\"\">Tour Bus with free km!<\/a><\/h2>\t\t\t\t<\/div>\n\t\t\t\t<\/div>\n\t\t\t\t<div class=\"elementor-element elementor-element-70130cb5 elementor-widget elementor-widget-text-editor\" data-id=\"70130cb5\" data-element_type=\"widget\" data-widget_type=\"text-editor.default\">\n\t\t\t\t<div class=\"elementor-widget-container\">\n\t\t\t\t\t\t\t\t\t<p>The bus is rented per day with unlimited mileage.<\/p><p>Long-term rental can be arranged.<\/p><p>Possible VIP ride with driver.<\/p><p>The bus is a Nissan Primestar 2.0 CDI, which has a fast, economical turbodiesel engine and can accommodate 8 passengers and 1 driver.<br \/>The rear seats can be removed and there will then be room for 5 passengers and 1 driver.<br \/>Can be rented with or without a driver.<\/p><p>More pictures, by clicking on the link:\u00a0<a href=\"https:\/\/www.facebook.com\/Tour-busser-Danmark-522103817873745\/\" target=\"_blank\" rel=\"noopener\">https:\/\/www.facebook.com\/Tour-busser-Danmark-522103817873745\/<\/a><\/p><p>For further information contact us at Tel: <a href=\"tel:+4570261678\">70261678<\/a> or send us an inquiry <a href=\"https:\/\/rwproduction.dk\/en\/bookingforespoergsel\/\">here<\/a>\u00a0<\/p>\t\t\t\t\t\t\t\t<\/div>\n\t\t\t\t<\/div>\n\t\t\t\t<\/div>\n\t\t\t\t\t<\/div>\n\t\t\t\t<\/div>\n\t\t<div class=\"elementor-element elementor-element-39f1029b e-flex e-con-boxed e-con e-parent\" data-id=\"39f1029b\" data-element_type=\"container\">\n\t\t\t\t\t<div class=\"e-con-inner\">\n\t\t<div class=\"elementor-element elementor-element-4b9753d4 e-con-full e-flex e-con e-child\" data-id=\"4b9753d4\" data-element_type=\"container\">\n\t\t\t\t<\/div>\n\t\t<div class=\"elementor-element elementor-element-5f002c11 e-con-full e-flex e-con e-child\" data-id=\"5f002c11\" data-element_type=\"container\">\n\t\t\t\t<\/div>\n\t\t\t\t\t<\/div>\n\t\t\t\t<\/div>\n\t\t\t\t<\/div>","protected":false},"excerpt":{"rendered":"<p>Tour buses Tour bus for rent for film, band and technical driving Tour bus with free km! The bus is rented per day with free km. Long-term rental can be arranged. Possibly. VIP driving with driver. The bus is of the brand Nissan Primestar 2.0 CDI. which has a fast economical turbodiesel engine and can service 8 passengers and 1 driver. The rear seats can be removed and there will [\u2026]<\/p>","protected":false},"author":2,"featured_media":0,"parent":0,"menu_order":0,"comment_status":"closed","ping_status":"closed","template":"","meta":{"footnotes":""},"class_list":["post-2231","page","type-page","status-publish","hentry"],"yoast_head":"<!-- This site is optimized with the Yoast SEO plugin v25.8 - https:\/\/yoast.com\/wordpress\/plugins\/seo\/ -->\n<title>Tour-busser - RW Production &amp; Management<\/title>\n<meta name=\"robots\" content=\"index, follow, max-snippet:-1, max-image-preview:large, max-video-preview:-1\" \/>\n<link rel=\"canonical\" href=\"https:\/\/rwproduction.dk\/en\/tour-busser\/\" \/>\n<meta property=\"og:locale\" content=\"en_GB\" \/>\n<meta property=\"og:type\" content=\"article\" \/>\n<meta property=\"og:title\" content=\"Tour-busser - RW Production &amp; Management\" \/>\n<meta property=\"og:description\" content=\"Tour-busser Tour-bus udlejes til film, band og teknik-k\u00f8rsel Tour-Bus med fri km! Bussen lejes per dag med fri km. Langtidsleje kan aftales. Evt. VIP-k\u00f8rsel med chauff\u00f8r. Bussen er af m\u00e6rket Nissan Primestar 2,0 CDI. som er med en hurtig \u00f8konomisk turbodiesel motor og kan servicere 8 passagerer og 1 chauff\u00f8r.Bags\u00e6derne kan fjernes og der vil [&hellip;]\" \/>\n<meta property=\"og:url\" content=\"https:\/\/rwproduction.dk\/en\/tour-busser\/\" \/>\n<meta property=\"og:site_name\" content=\"RW Production &amp; Management\" \/>\n<meta property=\"article:modified_time\" content=\"2025-07-09T08:10:55+00:00\" \/>\n<meta property=\"og:image\" content=\"https:\/\/rwproduction.dk\/wp-content\/uploads\/2025\/06\/bus.jpg\" \/>\n\t<meta property=\"og:image:width\" content=\"768\" \/>\n\t<meta property=\"og:image:height\" content=\"576\" \/>\n\t<meta property=\"og:image:type\" content=\"image\/jpeg\" \/>\n<meta name=\"twitter:card\" content=\"summary_large_image\" \/>\n<meta name=\"twitter:label1\" content=\"Estimated reading time\" \/>\n\t<meta name=\"twitter:data1\" content=\"1 minute\" \/>\n<script type=\"application\/ld+json\" class=\"yoast-schema-graph\">{\"@context\":\"https:\/\/schema.org\",\"@graph\":[{\"@type\":\"WebPage\",\"@id\":\"https:\/\/rwproduction.dk\/tour-busser\/\",\"url\":\"https:\/\/rwproduction.dk\/tour-busser\/\",\"name\":\"Tour-busser - RW Production &amp; Management\",\"isPartOf\":{\"@id\":\"https:\/\/rwproduction.dk\/#website\"},\"primaryImageOfPage\":{\"@id\":\"https:\/\/rwproduction.dk\/tour-busser\/#primaryimage\"},\"image\":{\"@id\":\"https:\/\/rwproduction.dk\/tour-busser\/#primaryimage\"},\"thumbnailUrl\":\"https:\/\/rwproduction.dk\/wp-content\/uploads\/2025\/06\/bus.jpg\",\"datePublished\":\"2025-06-04T09:19:05+00:00\",\"dateModified\":\"2025-07-09T08:10:55+00:00\",\"breadcrumb\":{\"@id\":\"https:\/\/rwproduction.dk\/tour-busser\/#breadcrumb\"},\"inLanguage\":\"en-GB\",\"potentialAction\":[{\"@type\":\"ReadAction\",\"target\":[\"https:\/\/rwproduction.dk\/tour-busser\/\"]}]},{\"@type\":\"ImageObject\",\"inLanguage\":\"en-GB\",\"@id\":\"https:\/\/rwproduction.dk\/tour-busser\/#primaryimage\",\"url\":\"https:\/\/rwproduction.dk\/wp-content\/uploads\/2025\/06\/bus.jpg\",\"contentUrl\":\"https:\/\/rwproduction.dk\/wp-content\/uploads\/2025\/06\/bus.jpg\"},{\"@type\":\"BreadcrumbList\",\"@id\":\"https:\/\/rwproduction.dk\/tour-busser\/#breadcrumb\",\"itemListElement\":[{\"@type\":\"ListItem\",\"position\":1,\"name\":\"Home\",\"item\":\"https:\/\/rwproduction.dk\/\"},{\"@type\":\"ListItem\",\"position\":2,\"name\":\"Tour-busser\"}]},{\"@type\":\"WebSite\",\"@id\":\"https:\/\/rwproduction.dk\/#website\",\"url\":\"https:\/\/rwproduction.dk\/\",\"name\":\"RW Production &amp; Management\",\"description\":\"Book her\",\"publisher\":{\"@id\":\"https:\/\/rwproduction.dk\/#organization\"},\"potentialAction\":[{\"@type\":\"SearchAction\",\"target\":{\"@type\":\"EntryPoint\",\"urlTemplate\":\"https:\/\/rwproduction.dk\/?s={search_term_string}\"},\"query-input\":{\"@type\":\"PropertyValueSpecification\",\"valueRequired\":true,\"valueName\":\"search_term_string\"}}],\"inLanguage\":\"en-GB\"},{\"@type\":\"Organization\",\"@id\":\"https:\/\/rwproduction.dk\/#organization\",\"name\":\"RW Production &amp; Management\",\"url\":\"https:\/\/rwproduction.dk\/\",\"logo\":{\"@type\":\"ImageObject\",\"inLanguage\":\"en-GB\",\"@id\":\"https:\/\/rwproduction.dk\/#\/schema\/logo\/image\/\",\"url\":\"https:\/\/rwproduction.dk\/wp-content\/uploads\/2024\/10\/logo-fritlagt-1.svg\",\"contentUrl\":\"https:\/\/rwproduction.dk\/wp-content\/uploads\/2024\/10\/logo-fritlagt-1.svg\",\"width\":274,\"height\":40,\"caption\":\"RW Production &amp; Management\"},\"image\":{\"@id\":\"https:\/\/rwproduction.dk\/#\/schema\/logo\/image\/\"}}]}<\/script>\n<!-- \/ Yoast SEO plugin. -->","yoast_head_json":{"title":"Tour buses - RW Production &amp; Management","robots":{"index":"index","follow":"follow","max-snippet":"max-snippet:-1","max-image-preview":"max-image-preview:large","max-video-preview":"max-video-preview:-1"},"canonical":"https:\/\/rwproduction.dk\/en\/tour-busser\/","og_locale":"en_GB","og_type":"article","og_title":"Tour-busser - RW Production &amp; Management","og_description":"Tour-busser Tour-bus udlejes til film, band og teknik-k\u00f8rsel Tour-Bus med fri km! Bussen lejes per dag med fri km. Langtidsleje kan aftales. Evt. VIP-k\u00f8rsel med chauff\u00f8r. Bussen er af m\u00e6rket Nissan Primestar 2,0 CDI. som er med en hurtig \u00f8konomisk turbodiesel motor og kan servicere 8 passagerer og 1 chauff\u00f8r.Bags\u00e6derne kan fjernes og der vil [&hellip;]","og_url":"https:\/\/rwproduction.dk\/en\/tour-busser\/","og_site_name":"RW Production &amp; Management","article_modified_time":"2025-07-09T08:10:55+00:00","og_image":[{"width":768,"height":576,"url":"https:\/\/rwproduction.dk\/wp-content\/uploads\/2025\/06\/bus.jpg","type":"image\/jpeg"}],"twitter_card":"summary_large_image","twitter_misc":{"Estimated reading time":"1 minute"},"schema":{"@context":"https:\/\/schema.org","@graph":[{"@type":"WebPage","@id":"https:\/\/rwproduction.dk\/tour-busser\/","url":"https:\/\/rwproduction.dk\/tour-busser\/","name":"Tour buses - RW Production &amp; Management","isPartOf":{"@id":"https:\/\/rwproduction.dk\/#website"},"primaryImageOfPage":{"@id":"https:\/\/rwproduction.dk\/tour-busser\/#primaryimage"},"image":{"@id":"https:\/\/rwproduction.dk\/tour-busser\/#primaryimage"},"thumbnailUrl":"https:\/\/rwproduction.dk\/wp-content\/uploads\/2025\/06\/bus.jpg","datePublished":"2025-06-04T09:19:05+00:00","dateModified":"2025-07-09T08:10:55+00:00","breadcrumb":{"@id":"https:\/\/rwproduction.dk\/tour-busser\/#breadcrumb"},"inLanguage":"en-GB","potentialAction":[{"@type":"ReadAction","target":["https:\/\/rwproduction.dk\/tour-busser\/"]}]},{"@type":"ImageObject","inLanguage":"en-GB","@id":"https:\/\/rwproduction.dk\/tour-busser\/#primaryimage","url":"https:\/\/rwproduction.dk\/wp-content\/uploads\/2025\/06\/bus.jpg","contentUrl":"https:\/\/rwproduction.dk\/wp-content\/uploads\/2025\/06\/bus.jpg"},{"@type":"BreadcrumbList","@id":"https:\/\/rwproduction.dk\/tour-busser\/#breadcrumb","itemListElement":[{"@type":"ListItem","position":1,"name":"Home","item":"https:\/\/rwproduction.dk\/"},{"@type":"ListItem","position":2,"name":"Tour-busser"}]},{"@type":"WebSite","@id":"https:\/\/rwproduction.dk\/#website","url":"https:\/\/rwproduction.dk\/","name":"RW Production &amp; Management","description":"Book here","publisher":{"@id":"https:\/\/rwproduction.dk\/#organization"},"potentialAction":[{"@type":"SearchAction","target":{"@type":"EntryPoint","urlTemplate":"https:\/\/rwproduction.dk\/?s={search_term_string}"},"query-input":{"@type":"PropertyValueSpecification","valueRequired":true,"valueName":"search_term_string"}}],"inLanguage":"en-GB"},{"@type":"Organization","@id":"https:\/\/rwproduction.dk\/#organization","name":"RW Production &amp; Management","url":"https:\/\/rwproduction.dk\/","logo":{"@type":"ImageObject","inLanguage":"en-GB","@id":"https:\/\/rwproduction.dk\/#\/schema\/logo\/image\/","url":"https:\/\/rwproduction.dk\/wp-content\/uploads\/2024\/10\/logo-fritlagt-1.svg","contentUrl":"https:\/\/rwproduction.dk\/wp-content\/uploads\/2024\/10\/logo-fritlagt-1.svg","width":274,"height":40,"caption":"RW Production &amp; Management"},"image":{"@id":"https:\/\/rwproduction.dk\/#\/schema\/logo\/image\/"}}]}},"_links":{"self":[{"href":"https:\/\/rwproduction.dk\/en\/wp-json\/wp\/v2\/pages\/2231","targetHints":{"allow":["GET"]}}],"collection":[{"href":"https:\/\/rwproduction.dk\/en\/wp-json\/wp\/v2\/pages"}],"about":[{"href":"https:\/\/rwproduction.dk\/en\/wp-json\/wp\/v2\/types\/page"}],"author":[{"embeddable":true,"href":"https:\/\/rwproduction.dk\/en\/wp-json\/wp\/v2\/users\/2"}],"replies":[{"embeddable":true,"href":"https:\/\/rwproduction.dk\/en\/wp-json\/wp\/v2\/comments?post=2231"}],"version-history":[{"count":32,"href":"https:\/\/rwproduction.dk\/en\/wp-json\/wp\/v2\/pages\/2231\/revisions"}],"predecessor-version":[{"id":2851,"href":"https:\/\/rwproduction.dk\/en\/wp-json\/wp\/v2\/pages\/2231\/revisions\/2851"}],"wp:attachment":[{"href":"https:\/\/rwproduction.dk\/en\/wp-json\/wp\/v2\/media?parent=2231"}],"curies":[{"name":"wp","href":"https:\/\/api.w.org\/{rel}","templated":true}]}}